{"id":11706,"date":"2025-11-29T22:40:07","date_gmt":"2025-11-30T01:40:07","guid":{"rendered":"https:\/\/midulcebebegp.com\/?post_type=product&#038;p=11706"},"modified":"2025-11-29T22:53:02","modified_gmt":"2025-11-30T01:53:02","slug":"dragui-el-nido-del-dragon","status":"publish","type":"product","link":"https:\/\/midulcebebegp.com\/index.php\/producto\/dragui-el-nido-del-dragon\/","title":{"rendered":"DRAGUI &#8220;EL NIDO DEL DRAGON&#8221;"},"content":{"rendered":"<p>Les presentamos a Dragi: El Nido del Drag\u00f3n, un juego de equilibrio apasionante que es mucho m\u00e1s que solo diversi\u00f3n.<br \/>\n\u200bDetr\u00e1s de la aventura de lograr que todos los dragones aterricen en el nido inestable, se esconde una potente herramienta de aprendizaje y desarrollo. Cada partida estimula:<br \/>\n\u200b\ud83d\udd90 Motricidad Fina y Pinza: El acto de agarrar y colocar con precisi\u00f3n las peque\u00f1as figuras de dragones es un ejercicio excelente para las manitos en crecimiento.<br \/>\n\u2696 Coordinaci\u00f3n \u00d3culo-Manual y Causa-Efecto: Los peques aprenden intuitivamente sobre f\u00edsica: \u00bfd\u00f3nde pongo esta pieza para que no se caiga todo? Comprenden c\u00f3mo el peso afecta el equilibrio.<br \/>\n\ud83e\udde0 Concentraci\u00f3n y Paciencia: Requiere movimientos suaves y pensamiento estrat\u00e9gico para no derribar el nido.<br \/>\n\ud83e\udd1d Habilidades Sociales: Perfecto para jugar de a dos, aprendiendo a respetar turnos y gestionar la frustraci\u00f3n de forma divertida cuando el nido se tambalea.<\/p>\n","protected":false},"excerpt":{"rendered":"<p>Les presentamos a Dragi: El Nido del Drag\u00f3n, un juego de equilibrio apasionante que es mucho m\u00e1s que solo diversi\u00f3n. \u200bDetr\u00e1s de la aventura de lograr que todos los dragones aterricen en el nido inestable, se esconde una potente herramienta de aprendizaje y desarrollo. Cada partida estimula: \u200b\ud83d\udd90 Motricidad Fina y Pinza: El acto de&hellip;&nbsp;<a href=\"https:\/\/midulcebebegp.com\/index.php\/producto\/dragui-el-nido-del-dragon\/\" rel=\"bookmark\"><span class=\"screen-reader-text\">DRAGUI &#8220;EL NIDO DEL DRAGON&#8221;<\/span><\/a><\/p>\n","protected":false},"featured_media":11716,"comment_status":"open","ping_status":"closed","template":"","meta":{"neve_meta_sidebar":"","neve_meta_container":"","neve_meta_enable_content_width":"off","neve_meta_content_width":100,"neve_meta_title_alignment":"","neve_meta_author_avatar":"","neve_post_elements_order":"","neve_meta_disable_header":"","neve_meta_disable_footer":"","neve_meta_disable_title":""},"product_brand":[],"product_cat":[184],"product_tag":[],"class_list":{"0":"post-11706","1":"product","2":"type-product","3":"status-publish","4":"has-post-thumbnail","6":"product_cat-hora-libre","8":"first","9":"instock","10":"shipping-taxable","11":"purchasable","12":"product-type-simple"},"jetpack_sharing_enabled":true,"_links":{"self":[{"href":"https:\/\/midulcebebegp.com\/index.php\/wp-json\/wp\/v2\/product\/11706","targetHints":{"allow":["GET"]}}],"collection":[{"href":"https:\/\/midulcebebegp.com\/index.php\/wp-json\/wp\/v2\/product"}],"about":[{"href":"https:\/\/midulcebebegp.com\/index.php\/wp-json\/wp\/v2\/types\/product"}],"replies":[{"embeddable":true,"href":"https:\/\/midulcebebegp.com\/index.php\/wp-json\/wp\/v2\/comments?post=11706"}],"wp:featuredmedia":[{"embeddable":true,"href":"https:\/\/midulcebebegp.com\/index.php\/wp-json\/wp\/v2\/media\/11716"}],"wp:attachment":[{"href":"https:\/\/midulcebebegp.com\/index.php\/wp-json\/wp\/v2\/media?parent=11706"}],"wp:term":[{"taxonomy":"product_brand","embeddable":true,"href":"https:\/\/midulcebebegp.com\/index.php\/wp-json\/wp\/v2\/product_brand?post=11706"},{"taxonomy":"product_cat","embeddable":true,"href":"https:\/\/midulcebebegp.com\/index.php\/wp-json\/wp\/v2\/product_cat?post=11706"},{"taxonomy":"product_tag","embeddable":true,"href":"https:\/\/midulcebebegp.com\/index.php\/wp-json\/wp\/v2\/product_tag?post=11706"}],"curies":[{"name":"wp","href":"https:\/\/api.w.org\/{rel}","templated":true}]}}