{"id":12903,"date":"2026-01-08T15:25:59","date_gmt":"2026-01-08T18:25:59","guid":{"rendered":"https:\/\/midulcebebegp.com\/?post_type=product&#038;p=12903"},"modified":"2026-04-14T18:53:54","modified_gmt":"2026-04-14T21:53:54","slug":"nido-de-contencion","status":"publish","type":"product","link":"https:\/\/midulcebebegp.com\/index.php\/producto\/nido-de-contencion\/","title":{"rendered":"NIDO DE CONTENCION"},"content":{"rendered":"<p data-start=\"181\" data-end=\"433\">Nuestros\u00a0<strong data-start=\"190\" data-end=\"224\">nidos de contenci\u00f3n para beb\u00e9s<\/strong>\u00a0son el aliado perfecto para brindarles seguridad, confort y abrigo desde los primeros d\u00edas de vida. Suaves y acolchados, ayudan a que el beb\u00e9 se sienta contenido, como en brazos, favoreciendo su descanso. \u2728<\/p>\n<p data-start=\"435\" data-end=\"578\">Disponibles en\u00a0<strong data-start=\"450\" data-end=\"473\">diferentes estampas<\/strong>, pod\u00e9s elegir el dise\u00f1o que mejor combine con la cuna, la practicuna o el estilo de la habitaci\u00f3n. \ud83c\udf19\u2b50<\/p>\n<p data-start=\"580\" data-end=\"734\">Adem\u00e1s, muchos de nuestros modelos se pueden\u00a0<strong data-start=\"625\" data-end=\"693\">combinar con juegos de s\u00e1banas, toallas con capucha o acolchados<\/strong>\u00a0para armar un set completo y pr\u00e1ctico.<\/p>\n<p data-start=\"736\" data-end=\"861\">\u2714\ufe0f C\u00f3modos, seguros y funcionales<br data-start=\"769\" data-end=\"772\" \/>\u2714\ufe0f Lavables y f\u00e1ciles de mantener<br data-start=\"805\" data-end=\"808\" \/>\u2714\ufe0f Dise\u00f1os \u00fanicos y combinables con otros productos<\/p>\n<p data-start=\"863\" data-end=\"960\">\ud83d\udc49 Una opci\u00f3n ideal tanto para tu beb\u00e9 como para un regalo especial para futuras mam\u00e1s y pap\u00e1s.<\/p>\n","protected":false},"excerpt":{"rendered":"<p>Nuestros\u00a0nidos de contenci\u00f3n para beb\u00e9s\u00a0son el aliado perfecto para brindarles seguridad, confort y abrigo desde los primeros d\u00edas de vida. Suaves y acolchados, ayudan a que el beb\u00e9 se sienta contenido, como en brazos, favoreciendo su descanso. \u2728 Disponibles en\u00a0diferentes estampas, pod\u00e9s elegir el dise\u00f1o que mejor combine con la cuna, la practicuna o el&hellip;&nbsp;<a href=\"https:\/\/midulcebebegp.com\/index.php\/producto\/nido-de-contencion\/\" rel=\"bookmark\"><span class=\"screen-reader-text\">NIDO DE CONTENCION<\/span><\/a><\/p>\n","protected":false},"featured_media":12904,"comment_status":"open","ping_status":"closed","template":"","meta":{"neve_meta_sidebar":"","neve_meta_container":"","neve_meta_enable_content_width":"off","neve_meta_content_width":100,"neve_meta_title_alignment":"","neve_meta_author_avatar":"","neve_post_elements_order":"","neve_meta_disable_header":"","neve_meta_disable_footer":"","neve_meta_disable_title":""},"product_brand":[],"product_cat":[186],"product_tag":[],"class_list":{"0":"post-12903","1":"product","2":"type-product","3":"status-publish","4":"has-post-thumbnail","6":"product_cat-ropa-de-cama","8":"first","9":"instock","10":"shipping-taxable","11":"purchasable","12":"product-type-simple"},"jetpack_sharing_enabled":true,"_links":{"self":[{"href":"https:\/\/midulcebebegp.com\/index.php\/wp-json\/wp\/v2\/product\/12903","targetHints":{"allow":["GET"]}}],"collection":[{"href":"https:\/\/midulcebebegp.com\/index.php\/wp-json\/wp\/v2\/product"}],"about":[{"href":"https:\/\/midulcebebegp.com\/index.php\/wp-json\/wp\/v2\/types\/product"}],"replies":[{"embeddable":true,"href":"https:\/\/midulcebebegp.com\/index.php\/wp-json\/wp\/v2\/comments?post=12903"}],"wp:featuredmedia":[{"embeddable":true,"href":"https:\/\/midulcebebegp.com\/index.php\/wp-json\/wp\/v2\/media\/12904"}],"wp:attachment":[{"href":"https:\/\/midulcebebegp.com\/index.php\/wp-json\/wp\/v2\/media?parent=12903"}],"wp:term":[{"taxonomy":"product_brand","embeddable":true,"href":"https:\/\/midulcebebegp.com\/index.php\/wp-json\/wp\/v2\/product_brand?post=12903"},{"taxonomy":"product_cat","embeddable":true,"href":"https:\/\/midulcebebegp.com\/index.php\/wp-json\/wp\/v2\/product_cat?post=12903"},{"taxonomy":"product_tag","embeddable":true,"href":"https:\/\/midulcebebegp.com\/index.php\/wp-json\/wp\/v2\/product_tag?post=12903"}],"curies":[{"name":"wp","href":"https:\/\/api.w.org\/{rel}","templated":true}]}}