{"id":12905,"date":"2026-01-08T15:31:26","date_gmt":"2026-01-08T18:31:26","guid":{"rendered":"https:\/\/midulcebebegp.com\/?post_type=product&#038;p=12905"},"modified":"2026-04-14T19:02:32","modified_gmt":"2026-04-14T22:02:32","slug":"sabanas-para-practicuna-medida-70cm-x-1mts","status":"publish","type":"product","link":"https:\/\/midulcebebegp.com\/index.php\/producto\/sabanas-para-practicuna-medida-70cm-x-1mts\/","title":{"rendered":"SABANAS PARA PRACTICUNA &#8211; MEDIDA 70cm x 1mts (percal 144 hilos)"},"content":{"rendered":"<div><strong>Juego de s\u00e1banas para practicuna \u2013 Medida 70 x 100 cm \ud83d\udca4<\/strong><\/div>\n<div><\/div>\n<div>Pensadas para brindar confort y suavidad en el descanso de tu beb\u00e9.<\/div>\n<div><\/div>\n<div>\ud83e\uddf5\u00a0<strong>Confeccionadas con telas suaves y delicadas<\/strong><\/div>\n<div>\ud83d\udecf\ufe0f\u00a0<strong>Incluye s\u00e1bana ajustable + s\u00e1bana superior + funda de almohadita<\/strong><\/div>\n<div>\ud83c\udf08\u00a0<strong>Variedad de estampas para elegir<\/strong><\/div>\n<div>\ud83d\udcd0\u00a0<strong>Medida:<\/strong>\u00a070 cm x 100 cm (especial para practicuna)<\/div>\n<div><\/div>\n<div>Perfectas para esos primeros meses donde el descanso lo es todo. \u00a1Eleg\u00ed el dise\u00f1o que m\u00e1s te guste y sumale un detalle de amor a su cunita! \ud83d\udc96<\/div>\n","protected":false},"excerpt":{"rendered":"<p>Juego de s\u00e1banas para practicuna \u2013 Medida 70 x 100 cm \ud83d\udca4 Pensadas para brindar confort y suavidad en el descanso de tu beb\u00e9. \ud83e\uddf5\u00a0Confeccionadas con telas suaves y delicadas \ud83d\udecf\ufe0f\u00a0Incluye s\u00e1bana ajustable + s\u00e1bana superior + funda de almohadita \ud83c\udf08\u00a0Variedad de estampas para elegir \ud83d\udcd0\u00a0Medida:\u00a070 cm x 100 cm (especial para practicuna) Perfectas para&hellip;&nbsp;<a href=\"https:\/\/midulcebebegp.com\/index.php\/producto\/sabanas-para-practicuna-medida-70cm-x-1mts\/\" rel=\"bookmark\"><span class=\"screen-reader-text\">SABANAS PARA PRACTICUNA &#8211; MEDIDA 70cm x 1mts (percal 144 hilos)<\/span><\/a><\/p>\n","protected":false},"featured_media":12906,"comment_status":"open","ping_status":"closed","template":"","meta":{"neve_meta_sidebar":"","neve_meta_container":"","neve_meta_enable_content_width":"off","neve_meta_content_width":100,"neve_meta_title_alignment":"","neve_meta_author_avatar":"","neve_post_elements_order":"","neve_meta_disable_header":"","neve_meta_disable_footer":"","neve_meta_disable_title":""},"product_brand":[],"product_cat":[186],"product_tag":[],"class_list":{"0":"post-12905","1":"product","2":"type-product","3":"status-publish","4":"has-post-thumbnail","6":"product_cat-ropa-de-cama","8":"first","9":"instock","10":"shipping-taxable","11":"purchasable","12":"product-type-simple"},"jetpack_sharing_enabled":true,"_links":{"self":[{"href":"https:\/\/midulcebebegp.com\/index.php\/wp-json\/wp\/v2\/product\/12905","targetHints":{"allow":["GET"]}}],"collection":[{"href":"https:\/\/midulcebebegp.com\/index.php\/wp-json\/wp\/v2\/product"}],"about":[{"href":"https:\/\/midulcebebegp.com\/index.php\/wp-json\/wp\/v2\/types\/product"}],"replies":[{"embeddable":true,"href":"https:\/\/midulcebebegp.com\/index.php\/wp-json\/wp\/v2\/comments?post=12905"}],"wp:featuredmedia":[{"embeddable":true,"href":"https:\/\/midulcebebegp.com\/index.php\/wp-json\/wp\/v2\/media\/12906"}],"wp:attachment":[{"href":"https:\/\/midulcebebegp.com\/index.php\/wp-json\/wp\/v2\/media?parent=12905"}],"wp:term":[{"taxonomy":"product_brand","embeddable":true,"href":"https:\/\/midulcebebegp.com\/index.php\/wp-json\/wp\/v2\/product_brand?post=12905"},{"taxonomy":"product_cat","embeddable":true,"href":"https:\/\/midulcebebegp.com\/index.php\/wp-json\/wp\/v2\/product_cat?post=12905"},{"taxonomy":"product_tag","embeddable":true,"href":"https:\/\/midulcebebegp.com\/index.php\/wp-json\/wp\/v2\/product_tag?post=12905"}],"curies":[{"name":"wp","href":"https:\/\/api.w.org\/{rel}","templated":true}]}}