{"id":12909,"date":"2026-01-08T15:41:32","date_gmt":"2026-01-08T18:41:32","guid":{"rendered":"https:\/\/midulcebebegp.com\/?post_type=product&#038;p=12909"},"modified":"2026-01-08T15:52:28","modified_gmt":"2026-01-08T18:52:28","slug":"sabana-cuna-charriot-medidas-1-20mts-x-60cm-bambi","status":"publish","type":"product","link":"https:\/\/midulcebebegp.com\/index.php\/producto\/sabana-cuna-charriot-medidas-1-20mts-x-60cm-bambi\/","title":{"rendered":"SABANA CUNA CHARRIOT &#8211; MEDIDAS 1.20mts X 60cm  BAMBI (percal 144 hilos)"},"content":{"rendered":"<p><main><\/p>\n<section class=\"section section--main\">\n<div class=\"container product\">\n<div class=\"buybox-wrapper\">\n<div class=\"buybox\">\n<div class=\"description\">\n<div class=\"description-info open\">\n<div>El complemento perfecto para una cuna so\u00f1ada.Brindan suavidad y comodidad al descanso de tu beb\u00e9, con estampas delicadas.<\/div>\n<div><\/div>\n<div>\ud83d\udecf\ufe0f\u00a0<strong>Incluye s\u00e1bana ajustable + s\u00e1bana superior + funda de almohadita.<\/strong><\/div>\n<div>\ud83d\udcab\u00a0<strong>Textiles suaves, livianos y duraderos<\/strong><\/div>\n<div>\ud83c\udfa8\u00a0<strong>Amplia variedad de dise\u00f1os en estampas<\/strong><\/div>\n<div>\ud83d\udcd0\u00a0<strong>Medida:<\/strong>\u00a01.20 m x 0.60 m (compatible con cuna charriot)<\/div>\n<div><\/div>\n<div>Perfectas para combinarlas con nuestros acolchados y chichoneras. Una opci\u00f3n ideal para la habitaci\u00f3n de tu beb\u00e9 o sorprender con un regalo \u00fatil y tierno. \ud83c\udf81\ud83d\udc76<\/div>\n<\/div>\n<\/div>\n<div class=\"social xs\"><\/div>\n<\/div>\n<\/div>\n<\/div>\n<\/section>\n<p><\/main><\/p>\n<footer>\n<div class=\"footer\">\n<div>\n<div class=\"contact\">\n<div class=\"list\">\n<div class=\"list--contact\">\n<div><\/div>\n<\/div>\n<\/div>\n<\/div>\n<\/div>\n<div class=\"container methods\">\n<div class=\"column column-50\">\n<div class=\"method-payment\"><\/div>\n<\/div>\n<\/div>\n<\/div>\n<div class=\"copyright\">\n<div class=\"copyright-background\">\n<div class=\"container\"><\/div>\n<\/div>\n<\/div>\n<\/footer>\n","protected":false},"excerpt":{"rendered":"<p>El complemento perfecto para una cuna so\u00f1ada.Brindan suavidad y comodidad al descanso de tu beb\u00e9, con estampas delicadas. \ud83d\udecf\ufe0f\u00a0Incluye s\u00e1bana ajustable + s\u00e1bana superior + funda de almohadita. \ud83d\udcab\u00a0Textiles suaves, livianos y duraderos \ud83c\udfa8\u00a0Amplia variedad de dise\u00f1os en estampas \ud83d\udcd0\u00a0Medida:\u00a01.20 m x 0.60 m (compatible con cuna charriot) Perfectas para combinarlas con nuestros acolchados y&hellip;&nbsp;<a href=\"https:\/\/midulcebebegp.com\/index.php\/producto\/sabana-cuna-charriot-medidas-1-20mts-x-60cm-bambi\/\" rel=\"bookmark\"><span class=\"screen-reader-text\">SABANA CUNA CHARRIOT &#8211; MEDIDAS 1.20mts X 60cm  BAMBI (percal 144 hilos)<\/span><\/a><\/p>\n","protected":false},"featured_media":12910,"comment_status":"open","ping_status":"closed","template":"","meta":{"neve_meta_sidebar":"","neve_meta_container":"","neve_meta_enable_content_width":"off","neve_meta_content_width":100,"neve_meta_title_alignment":"","neve_meta_author_avatar":"","neve_post_elements_order":"","neve_meta_disable_header":"","neve_meta_disable_footer":"","neve_meta_disable_title":""},"product_brand":[],"product_cat":[186],"product_tag":[],"class_list":{"0":"post-12909","1":"product","2":"type-product","3":"status-publish","4":"has-post-thumbnail","6":"product_cat-ropa-de-cama","8":"first","9":"instock","10":"shipping-taxable","11":"purchasable","12":"product-type-simple"},"jetpack_sharing_enabled":true,"_links":{"self":[{"href":"https:\/\/midulcebebegp.com\/index.php\/wp-json\/wp\/v2\/product\/12909","targetHints":{"allow":["GET"]}}],"collection":[{"href":"https:\/\/midulcebebegp.com\/index.php\/wp-json\/wp\/v2\/product"}],"about":[{"href":"https:\/\/midulcebebegp.com\/index.php\/wp-json\/wp\/v2\/types\/product"}],"replies":[{"embeddable":true,"href":"https:\/\/midulcebebegp.com\/index.php\/wp-json\/wp\/v2\/comments?post=12909"}],"wp:featuredmedia":[{"embeddable":true,"href":"https:\/\/midulcebebegp.com\/index.php\/wp-json\/wp\/v2\/media\/12910"}],"wp:attachment":[{"href":"https:\/\/midulcebebegp.com\/index.php\/wp-json\/wp\/v2\/media?parent=12909"}],"wp:term":[{"taxonomy":"product_brand","embeddable":true,"href":"https:\/\/midulcebebegp.com\/index.php\/wp-json\/wp\/v2\/product_brand?post=12909"},{"taxonomy":"product_cat","embeddable":true,"href":"https:\/\/midulcebebegp.com\/index.php\/wp-json\/wp\/v2\/product_cat?post=12909"},{"taxonomy":"product_tag","embeddable":true,"href":"https:\/\/midulcebebegp.com\/index.php\/wp-json\/wp\/v2\/product_tag?post=12909"}],"curies":[{"name":"wp","href":"https:\/\/api.w.org\/{rel}","templated":true}]}}