{"id":12933,"date":"2026-01-08T16:51:58","date_gmt":"2026-01-08T19:51:58","guid":{"rendered":"https:\/\/midulcebebegp.com\/?post_type=product&#038;p=12933"},"modified":"2026-04-14T18:52:16","modified_gmt":"2026-04-14T21:52:16","slug":"almohadon-de-amamantar-de-tussor-lisos","status":"publish","type":"product","link":"https:\/\/midulcebebegp.com\/index.php\/producto\/almohadon-de-amamantar-de-tussor-lisos\/","title":{"rendered":"ALMOHADON DE AMAMANTAR DE TUSSOR LISOS"},"content":{"rendered":"<p data-start=\"193\" data-end=\"445\">Hac\u00e9 de la lactancia un momento m\u00e1s c\u00f3modo y especial con nuestros\u00a0<strong data-start=\"260\" data-end=\"303\">almohadones de amamantar de tussor lisos<\/strong>.<br \/>\nSu dise\u00f1o ergon\u00f3mico acompa\u00f1a la postura tanto de la mam\u00e1 como del beb\u00e9, brindando soporte y reduciendo la tensi\u00f3n en brazos y espalda. \ud83d\udc95<\/p>\n<p data-start=\"447\" data-end=\"701\">Confeccionados en\u00a0<strong data-start=\"465\" data-end=\"502\">tela de tussor suave y resistente<\/strong>, vienen en colores lisos y neutros que combinan con cualquier estilo de habitaci\u00f3n. Adem\u00e1s, son vers\u00e1tiles: pod\u00e9s usarlos tambi\u00e9n para ayudar al beb\u00e9 a mantenerse sentado o recostado con suavidad.<\/p>\n<p data-start=\"703\" data-end=\"818\">\u2714\ufe0f Confort y practicidad para la lactancia<br data-start=\"745\" data-end=\"748\" \/>\u2714\ufe0f Tela de tussor de alta calidad<br data-start=\"781\" data-end=\"784\" \/>\u2714\ufe0f Colores neutros y combinables<\/p>\n<p data-start=\"820\" data-end=\"920\">\ud83d\udc49 Un aliado infaltable en los primeros meses del beb\u00e9, ideal tambi\u00e9n como regalo \u00fatil y duradero.<\/p>\n","protected":false},"excerpt":{"rendered":"<p>Hac\u00e9 de la lactancia un momento m\u00e1s c\u00f3modo y especial con nuestros\u00a0almohadones de amamantar de tussor lisos. Su dise\u00f1o ergon\u00f3mico acompa\u00f1a la postura tanto de la mam\u00e1 como del beb\u00e9, brindando soporte y reduciendo la tensi\u00f3n en brazos y espalda. \ud83d\udc95 Confeccionados en\u00a0tela de tussor suave y resistente, vienen en colores lisos y neutros que&hellip;&nbsp;<a href=\"https:\/\/midulcebebegp.com\/index.php\/producto\/almohadon-de-amamantar-de-tussor-lisos\/\" rel=\"bookmark\"><span class=\"screen-reader-text\">ALMOHADON DE AMAMANTAR DE TUSSOR LISOS<\/span><\/a><\/p>\n","protected":false},"featured_media":12934,"comment_status":"open","ping_status":"closed","template":"","meta":{"neve_meta_sidebar":"","neve_meta_container":"","neve_meta_enable_content_width":"off","neve_meta_content_width":100,"neve_meta_title_alignment":"","neve_meta_author_avatar":"","neve_post_elements_order":"","neve_meta_disable_header":"","neve_meta_disable_footer":"","neve_meta_disable_title":""},"product_brand":[],"product_cat":[186],"product_tag":[],"class_list":{"0":"post-12933","1":"product","2":"type-product","3":"status-publish","4":"has-post-thumbnail","6":"product_cat-ropa-de-cama","8":"first","9":"instock","10":"shipping-taxable","11":"purchasable","12":"product-type-simple"},"jetpack_sharing_enabled":true,"_links":{"self":[{"href":"https:\/\/midulcebebegp.com\/index.php\/wp-json\/wp\/v2\/product\/12933","targetHints":{"allow":["GET"]}}],"collection":[{"href":"https:\/\/midulcebebegp.com\/index.php\/wp-json\/wp\/v2\/product"}],"about":[{"href":"https:\/\/midulcebebegp.com\/index.php\/wp-json\/wp\/v2\/types\/product"}],"replies":[{"embeddable":true,"href":"https:\/\/midulcebebegp.com\/index.php\/wp-json\/wp\/v2\/comments?post=12933"}],"wp:featuredmedia":[{"embeddable":true,"href":"https:\/\/midulcebebegp.com\/index.php\/wp-json\/wp\/v2\/media\/12934"}],"wp:attachment":[{"href":"https:\/\/midulcebebegp.com\/index.php\/wp-json\/wp\/v2\/media?parent=12933"}],"wp:term":[{"taxonomy":"product_brand","embeddable":true,"href":"https:\/\/midulcebebegp.com\/index.php\/wp-json\/wp\/v2\/product_brand?post=12933"},{"taxonomy":"product_cat","embeddable":true,"href":"https:\/\/midulcebebegp.com\/index.php\/wp-json\/wp\/v2\/product_cat?post=12933"},{"taxonomy":"product_tag","embeddable":true,"href":"https:\/\/midulcebebegp.com\/index.php\/wp-json\/wp\/v2\/product_tag?post=12933"}],"curies":[{"name":"wp","href":"https:\/\/api.w.org\/{rel}","templated":true}]}}