{"id":12998,"date":"2026-01-09T16:20:55","date_gmt":"2026-01-09T19:20:55","guid":{"rendered":"https:\/\/midulcebebegp.com\/?post_type=product&#038;p=12998"},"modified":"2026-01-09T16:23:06","modified_gmt":"2026-01-09T19:23:06","slug":"chupete-de-silicona-frog-rosa-cod-26yyl020f-pink","status":"publish","type":"product","link":"https:\/\/midulcebebegp.com\/index.php\/producto\/chupete-de-silicona-frog-rosa-cod-26yyl020f-pink\/","title":{"rendered":"CHUPETE DE SILICONA &#8211; FROG Rosa  Cod.: 26YYL020F PINK"},"content":{"rendered":"<p>Chupete de Silicona fruta:<br \/>\nChupete de silicona\u00a0libre de BPA, PVC, Plomo y Ftalatos y cualquier material t\u00f3xico.<br \/>\nMaterial de silicona lisa, suave y f\u00e1cil de agarrar.<br \/>\nTapa para proteger el chupete cuando no est\u00e1 en uso.<br \/>\nAsa mordillo de silicona.<br \/>\nChupete para incorporar Fruta en el mismo y que tu beb\u00e9 pueda ir incorporando las mismas a su alimentaci\u00f3n.<\/p>\n","protected":false},"excerpt":{"rendered":"<p>Chupete de Silicona fruta: Chupete de silicona\u00a0libre de BPA, PVC, Plomo y Ftalatos y cualquier material t\u00f3xico. Material de silicona lisa, suave y f\u00e1cil de agarrar. Tapa para proteger el chupete cuando no est\u00e1 en uso. Asa mordillo de silicona. Chupete para incorporar Fruta en el mismo y que tu beb\u00e9 pueda ir incorporando las&hellip;&nbsp;<a href=\"https:\/\/midulcebebegp.com\/index.php\/producto\/chupete-de-silicona-frog-rosa-cod-26yyl020f-pink\/\" rel=\"bookmark\"><span class=\"screen-reader-text\">CHUPETE DE SILICONA &#8211; FROG Rosa  Cod.: 26YYL020F PINK<\/span><\/a><\/p>\n","protected":false},"featured_media":12999,"comment_status":"open","ping_status":"closed","template":"","meta":{"neve_meta_sidebar":"","neve_meta_container":"","neve_meta_enable_content_width":"off","neve_meta_content_width":100,"neve_meta_title_alignment":"","neve_meta_author_avatar":"","neve_post_elements_order":"","neve_meta_disable_header":"","neve_meta_disable_footer":"","neve_meta_disable_title":""},"product_brand":[],"product_cat":[187],"product_tag":[],"class_list":{"0":"post-12998","1":"product","2":"type-product","3":"status-publish","4":"has-post-thumbnail","6":"product_cat-avanti-premium-baby","8":"first","9":"instock","10":"shipping-taxable","11":"purchasable","12":"product-type-simple"},"jetpack_sharing_enabled":true,"_links":{"self":[{"href":"https:\/\/midulcebebegp.com\/index.php\/wp-json\/wp\/v2\/product\/12998","targetHints":{"allow":["GET"]}}],"collection":[{"href":"https:\/\/midulcebebegp.com\/index.php\/wp-json\/wp\/v2\/product"}],"about":[{"href":"https:\/\/midulcebebegp.com\/index.php\/wp-json\/wp\/v2\/types\/product"}],"replies":[{"embeddable":true,"href":"https:\/\/midulcebebegp.com\/index.php\/wp-json\/wp\/v2\/comments?post=12998"}],"wp:featuredmedia":[{"embeddable":true,"href":"https:\/\/midulcebebegp.com\/index.php\/wp-json\/wp\/v2\/media\/12999"}],"wp:attachment":[{"href":"https:\/\/midulcebebegp.com\/index.php\/wp-json\/wp\/v2\/media?parent=12998"}],"wp:term":[{"taxonomy":"product_brand","embeddable":true,"href":"https:\/\/midulcebebegp.com\/index.php\/wp-json\/wp\/v2\/product_brand?post=12998"},{"taxonomy":"product_cat","embeddable":true,"href":"https:\/\/midulcebebegp.com\/index.php\/wp-json\/wp\/v2\/product_cat?post=12998"},{"taxonomy":"product_tag","embeddable":true,"href":"https:\/\/midulcebebegp.com\/index.php\/wp-json\/wp\/v2\/product_tag?post=12998"}],"curies":[{"name":"wp","href":"https:\/\/api.w.org\/{rel}","templated":true}]}}