{"id":13004,"date":"2026-01-09T16:26:48","date_gmt":"2026-01-09T19:26:48","guid":{"rendered":"https:\/\/midulcebebegp.com\/?post_type=product&#038;p=13004"},"modified":"2026-03-29T22:40:08","modified_gmt":"2026-03-30T01:40:08","slug":"sacaleche-electrico-premium-baby-cod-26rh388saelec","status":"publish","type":"product","link":"https:\/\/midulcebebegp.com\/index.php\/producto\/sacaleche-electrico-premium-baby-cod-26rh388saelec\/","title":{"rendered":"SACALECHE EL\u00c9CTRICO &#8211; PREMIUM BABY &#8211;  Cod.: 26RH388SAELEC"},"content":{"rendered":"<p>Sacaleche El\u00e9ctrico Premium Baby:<br \/>\nEste sacaleche cuenta con un dise\u00f1o \u00fanico que te permite mantener una postura c\u00f3moda a la hora de la extracci\u00f3n.<br \/>\nAlmohadilla de masaje que proporciona una sensaci\u00f3n de suavidad y calidez, que imita el succionar del beb\u00e9.<br \/>\nCopa redondeada, que se adapta al pecho, realizada en silicona.<br \/>\nMontaje f\u00e1cil e intuitivo.<br \/>\nF\u00e1cil de limpiar. Se puede lavar en lavavajillas.<br \/>\nLibre de BPA.<br \/>\nMando con pantalla Led.<br \/>\nRecargable con puerto USB.<br \/>\nIncluye 9 niveles de estimulaci\u00f3n, 9 niveles de bombeo, 9 niveles de masaje.<br \/>\nPor default, el programa de extracci\u00f3n dura 30 minutos, pasado ese tiempo el extractor se apaga autom\u00e1ticamente.<br \/>\nRecomendable cargarlo durante dos horas, sin interrupciones.<\/p>\n","protected":false},"excerpt":{"rendered":"<p>Sacaleche El\u00e9ctrico Premium Baby: Este sacaleche cuenta con un dise\u00f1o \u00fanico que te permite mantener una postura c\u00f3moda a la hora de la extracci\u00f3n. Almohadilla de masaje que proporciona una sensaci\u00f3n de suavidad y calidez, que imita el succionar del beb\u00e9. Copa redondeada, que se adapta al pecho, realizada en silicona. Montaje f\u00e1cil e intuitivo.&hellip;&nbsp;<a href=\"https:\/\/midulcebebegp.com\/index.php\/producto\/sacaleche-electrico-premium-baby-cod-26rh388saelec\/\" rel=\"bookmark\"><span class=\"screen-reader-text\">SACALECHE EL\u00c9CTRICO &#8211; PREMIUM BABY &#8211;  Cod.: 26RH388SAELEC<\/span><\/a><\/p>\n","protected":false},"featured_media":13005,"comment_status":"open","ping_status":"closed","template":"","meta":{"neve_meta_sidebar":"","neve_meta_container":"","neve_meta_enable_content_width":"off","neve_meta_content_width":100,"neve_meta_title_alignment":"","neve_meta_author_avatar":"","neve_post_elements_order":"","neve_meta_disable_header":"","neve_meta_disable_footer":"","neve_meta_disable_title":""},"product_brand":[],"product_cat":[187],"product_tag":[],"class_list":{"0":"post-13004","1":"product","2":"type-product","3":"status-publish","4":"has-post-thumbnail","6":"product_cat-avanti-premium-baby","8":"first","9":"instock","10":"shipping-taxable","11":"purchasable","12":"product-type-simple"},"jetpack_sharing_enabled":true,"_links":{"self":[{"href":"https:\/\/midulcebebegp.com\/index.php\/wp-json\/wp\/v2\/product\/13004","targetHints":{"allow":["GET"]}}],"collection":[{"href":"https:\/\/midulcebebegp.com\/index.php\/wp-json\/wp\/v2\/product"}],"about":[{"href":"https:\/\/midulcebebegp.com\/index.php\/wp-json\/wp\/v2\/types\/product"}],"replies":[{"embeddable":true,"href":"https:\/\/midulcebebegp.com\/index.php\/wp-json\/wp\/v2\/comments?post=13004"}],"wp:featuredmedia":[{"embeddable":true,"href":"https:\/\/midulcebebegp.com\/index.php\/wp-json\/wp\/v2\/media\/13005"}],"wp:attachment":[{"href":"https:\/\/midulcebebegp.com\/index.php\/wp-json\/wp\/v2\/media?parent=13004"}],"wp:term":[{"taxonomy":"product_brand","embeddable":true,"href":"https:\/\/midulcebebegp.com\/index.php\/wp-json\/wp\/v2\/product_brand?post=13004"},{"taxonomy":"product_cat","embeddable":true,"href":"https:\/\/midulcebebegp.com\/index.php\/wp-json\/wp\/v2\/product_cat?post=13004"},{"taxonomy":"product_tag","embeddable":true,"href":"https:\/\/midulcebebegp.com\/index.php\/wp-json\/wp\/v2\/product_tag?post=13004"}],"curies":[{"name":"wp","href":"https:\/\/api.w.org\/{rel}","templated":true}]}}