{"id":14571,"date":"2026-02-27T11:33:13","date_gmt":"2026-02-27T14:33:13","guid":{"rendered":"https:\/\/midulcebebegp.com\/?post_type=product&#038;p=14571"},"modified":"2026-02-27T11:34:34","modified_gmt":"2026-02-27T14:34:34","slug":"protector-para-el-bano-multiproposito-apoya-rodillas-bano-del-bebe-loopi","status":"publish","type":"product","link":"https:\/\/midulcebebegp.com\/index.php\/producto\/protector-para-el-bano-multiproposito-apoya-rodillas-bano-del-bebe-loopi\/","title":{"rendered":"Protector Para El Ba\u00f1o Multiprop\u00f3sito Apoya Rodillas Ba\u00f1o Del Beb\u00e9 Loopi"},"content":{"rendered":"","protected":false},"excerpt":{"rendered":"","protected":false},"featured_media":14572,"comment_status":"open","ping_status":"closed","template":"","meta":{"neve_meta_sidebar":"","neve_meta_container":"","neve_meta_enable_content_width":"off","neve_meta_content_width":100,"neve_meta_title_alignment":"","neve_meta_author_avatar":"","neve_post_elements_order":"","neve_meta_disable_header":"","neve_meta_disable_footer":"","neve_meta_disable_title":""},"product_brand":[],"product_cat":[185],"product_tag":[],"class_list":{"0":"post-14571","1":"product","2":"type-product","3":"status-publish","4":"has-post-thumbnail","6":"product_cat-loopi","8":"first","9":"instock","10":"shipping-taxable","11":"purchasable","12":"product-type-simple"},"jetpack_sharing_enabled":true,"_links":{"self":[{"href":"https:\/\/midulcebebegp.com\/index.php\/wp-json\/wp\/v2\/product\/14571","targetHints":{"allow":["GET"]}}],"collection":[{"href":"https:\/\/midulcebebegp.com\/index.php\/wp-json\/wp\/v2\/product"}],"about":[{"href":"https:\/\/midulcebebegp.com\/index.php\/wp-json\/wp\/v2\/types\/product"}],"replies":[{"embeddable":true,"href":"https:\/\/midulcebebegp.com\/index.php\/wp-json\/wp\/v2\/comments?post=14571"}],"wp:featuredmedia":[{"embeddable":true,"href":"https:\/\/midulcebebegp.com\/index.php\/wp-json\/wp\/v2\/media\/14572"}],"wp:attachment":[{"href":"https:\/\/midulcebebegp.com\/index.php\/wp-json\/wp\/v2\/media?parent=14571"}],"wp:term":[{"taxonomy":"product_brand","embeddable":true,"href":"https:\/\/midulcebebegp.com\/index.php\/wp-json\/wp\/v2\/product_brand?post=14571"},{"taxonomy":"product_cat","embeddable":true,"href":"https:\/\/midulcebebegp.com\/index.php\/wp-json\/wp\/v2\/product_cat?post=14571"},{"taxonomy":"product_tag","embeddable":true,"href":"https:\/\/midulcebebegp.com\/index.php\/wp-json\/wp\/v2\/product_tag?post=14571"}],"curies":[{"name":"wp","href":"https:\/\/api.w.org\/{rel}","templated":true}]}}