{"id":14860,"date":"2026-03-08T19:22:21","date_gmt":"2026-03-08T22:22:21","guid":{"rendered":"https:\/\/midulcebebegp.com\/?post_type=product&#038;p=14860"},"modified":"2026-04-14T19:03:11","modified_gmt":"2026-04-14T22:03:11","slug":"sabanas-catre-o-colecho-para-colchon-90-x-50","status":"publish","type":"product","link":"https:\/\/midulcebebegp.com\/index.php\/producto\/sabanas-catre-o-colecho-para-colchon-90-x-50\/","title":{"rendered":"SABANAS CATRE O COLECHO PARA COLCHON 90 X 50 ECONOMICAS"},"content":{"rendered":"<section class=\"section section--main\">\n<div class=\"container product\">\n<div class=\"buybox-wrapper\">\n<div class=\"buybox\">\n<div class=\"social xs\"><\/div>\n<\/div>\n<\/div>\n<\/div>\n<\/section>\n<p data-start=\"174\" data-end=\"396\">Llevate la suavidad y practicidad de nuestras s\u00e1banas para cuna charriot a un precio especial \u2728\ud83e\uddf8<br data-start=\"272\" data-end=\"275\" \/>Son\u00a0<strong data-start=\"279\" data-end=\"319\">s\u00e1banas blancas con embozo estampado<\/strong>, disponibles en diferentes dise\u00f1os delicados para var\u00f3n y opciones unisex.<\/p>\n<h3 data-start=\"640\" data-end=\"678\"><strong data-start=\"644\" data-end=\"676\">Caracter\u00edsticas principales:<\/strong><\/h3>\n<p data-start=\"679\" data-end=\"885\">\u2714\ufe0f Tela suave, c\u00f3moda y apta para el uso diario<br data-start=\"726\" data-end=\"729\" \/>\u2714\ufe0f Embozos con estampas delicadas y variadas<br data-start=\"773\" data-end=\"776\" \/>\u2714\ufe0f Aptas para\u00a0<strong data-start=\"790\" data-end=\"808\">cuna Funcional<br \/>\n<\/strong>\u2714\ufe0f Ideal para beb\u00e9s var\u00f3n y unisex<br data-start=\"845\" data-end=\"848\" \/>\u2714\ufe0f Productos \u00fanicos<\/p>\n<footer>\n<div class=\"footer\">\n<div>\n<div class=\"contact\">\n<div class=\"list\">\n<div class=\"list--contact\">\n<div><\/div>\n<\/div>\n<\/div>\n<\/div>\n<\/div>\n<div class=\"container methods\">\n<div class=\"column column-50\">\n<div class=\"method-payment\"><\/div>\n<\/div>\n<\/div>\n<\/div>\n<div class=\"copyright\">\n<div class=\"copyright-background\">\n<div class=\"container\"><\/div>\n<\/div>\n<\/div>\n<\/footer>\n","protected":false},"excerpt":{"rendered":"<p>Llevate la suavidad y practicidad de nuestras s\u00e1banas para cuna charriot a un precio especial \u2728\ud83e\uddf8Son\u00a0s\u00e1banas blancas con embozo estampado, disponibles en diferentes dise\u00f1os delicados para var\u00f3n y opciones unisex. Caracter\u00edsticas principales: \u2714\ufe0f Tela suave, c\u00f3moda y apta para el uso diario\u2714\ufe0f Embozos con estampas delicadas y variadas\u2714\ufe0f Aptas para\u00a0cuna Funcional \u2714\ufe0f Ideal para beb\u00e9s&hellip;&nbsp;<a href=\"https:\/\/midulcebebegp.com\/index.php\/producto\/sabanas-catre-o-colecho-para-colchon-90-x-50\/\" rel=\"bookmark\"><span class=\"screen-reader-text\">SABANAS CATRE O COLECHO PARA COLCHON 90 X 50 ECONOMICAS<\/span><\/a><\/p>\n","protected":false},"featured_media":12920,"comment_status":"open","ping_status":"closed","template":"","meta":{"neve_meta_sidebar":"","neve_meta_container":"","neve_meta_enable_content_width":"off","neve_meta_content_width":100,"neve_meta_title_alignment":"","neve_meta_author_avatar":"","neve_post_elements_order":"","neve_meta_disable_header":"","neve_meta_disable_footer":"","neve_meta_disable_title":""},"product_brand":[],"product_cat":[186],"product_tag":[],"class_list":{"0":"post-14860","1":"product","2":"type-product","3":"status-publish","4":"has-post-thumbnail","6":"product_cat-ropa-de-cama","8":"first","9":"instock","10":"shipping-taxable","11":"purchasable","12":"product-type-simple"},"jetpack_sharing_enabled":true,"_links":{"self":[{"href":"https:\/\/midulcebebegp.com\/index.php\/wp-json\/wp\/v2\/product\/14860","targetHints":{"allow":["GET"]}}],"collection":[{"href":"https:\/\/midulcebebegp.com\/index.php\/wp-json\/wp\/v2\/product"}],"about":[{"href":"https:\/\/midulcebebegp.com\/index.php\/wp-json\/wp\/v2\/types\/product"}],"replies":[{"embeddable":true,"href":"https:\/\/midulcebebegp.com\/index.php\/wp-json\/wp\/v2\/comments?post=14860"}],"wp:featuredmedia":[{"embeddable":true,"href":"https:\/\/midulcebebegp.com\/index.php\/wp-json\/wp\/v2\/media\/12920"}],"wp:attachment":[{"href":"https:\/\/midulcebebegp.com\/index.php\/wp-json\/wp\/v2\/media?parent=14860"}],"wp:term":[{"taxonomy":"product_brand","embeddable":true,"href":"https:\/\/midulcebebegp.com\/index.php\/wp-json\/wp\/v2\/product_brand?post=14860"},{"taxonomy":"product_cat","embeddable":true,"href":"https:\/\/midulcebebegp.com\/index.php\/wp-json\/wp\/v2\/product_cat?post=14860"},{"taxonomy":"product_tag","embeddable":true,"href":"https:\/\/midulcebebegp.com\/index.php\/wp-json\/wp\/v2\/product_tag?post=14860"}],"curies":[{"name":"wp","href":"https:\/\/api.w.org\/{rel}","templated":true}]}}