{"id":15952,"date":"2026-04-14T18:11:01","date_gmt":"2026-04-14T21:11:01","guid":{"rendered":"https:\/\/midulcebebegp.com\/?post_type=product&#038;p=15952"},"modified":"2026-04-14T18:15:09","modified_gmt":"2026-04-14T21:15:09","slug":"bushi-spray-60ml","status":"publish","type":"product","link":"https:\/\/midulcebebegp.com\/index.php\/producto\/bushi-spray-60ml\/","title":{"rendered":"BUSHI SPRAY 60ML"},"content":{"rendered":"<p>BUSHI SPRAY CALMANTE MAMARIO HUMECTA, PROTEGE Y RESTAURA PEZONES SENSIBLES POR IRRITACI\u00d3N Y AGRIETAMIENTO. SENSACI\u00d3N DE ALIVIO R\u00c1PIDO DEL DOLOR Y EL ARDOR.<\/p>\n","protected":false},"excerpt":{"rendered":"<p>BUSHI SPRAY CALMANTE MAMARIO HUMECTA, PROTEGE Y RESTAURA PEZONES SENSIBLES POR IRRITACI\u00d3N Y AGRIETAMIENTO. SENSACI\u00d3N DE ALIVIO R\u00c1PIDO DEL DOLOR Y EL ARDOR.<\/p>\n","protected":false},"featured_media":15953,"comment_status":"open","ping_status":"closed","template":"","meta":{"neve_meta_sidebar":"","neve_meta_container":"","neve_meta_enable_content_width":"off","neve_meta_content_width":100,"neve_meta_title_alignment":"","neve_meta_author_avatar":"","neve_post_elements_order":"","neve_meta_disable_header":"","neve_meta_disable_footer":"","neve_meta_disable_title":""},"product_brand":[],"product_cat":[50,92],"product_tag":[],"class_list":{"0":"post-15952","1":"product","2":"type-product","3":"status-publish","4":"has-post-thumbnail","6":"product_cat-bushi","7":"product_cat-cremas","9":"first","10":"instock","11":"shipping-taxable","12":"purchasable","13":"product-type-simple"},"jetpack_sharing_enabled":true,"_links":{"self":[{"href":"https:\/\/midulcebebegp.com\/index.php\/wp-json\/wp\/v2\/product\/15952","targetHints":{"allow":["GET"]}}],"collection":[{"href":"https:\/\/midulcebebegp.com\/index.php\/wp-json\/wp\/v2\/product"}],"about":[{"href":"https:\/\/midulcebebegp.com\/index.php\/wp-json\/wp\/v2\/types\/product"}],"replies":[{"embeddable":true,"href":"https:\/\/midulcebebegp.com\/index.php\/wp-json\/wp\/v2\/comments?post=15952"}],"wp:featuredmedia":[{"embeddable":true,"href":"https:\/\/midulcebebegp.com\/index.php\/wp-json\/wp\/v2\/media\/15953"}],"wp:attachment":[{"href":"https:\/\/midulcebebegp.com\/index.php\/wp-json\/wp\/v2\/media?parent=15952"}],"wp:term":[{"taxonomy":"product_brand","embeddable":true,"href":"https:\/\/midulcebebegp.com\/index.php\/wp-json\/wp\/v2\/product_brand?post=15952"},{"taxonomy":"product_cat","embeddable":true,"href":"https:\/\/midulcebebegp.com\/index.php\/wp-json\/wp\/v2\/product_cat?post=15952"},{"taxonomy":"product_tag","embeddable":true,"href":"https:\/\/midulcebebegp.com\/index.php\/wp-json\/wp\/v2\/product_tag?post=15952"}],"curies":[{"name":"wp","href":"https:\/\/api.w.org\/{rel}","templated":true}]}}